{"id":6669,"date":"2018-08-03T08:06:05","date_gmt":"2018-08-03T08:06:05","guid":{"rendered":"http:\/\/labtechco.themestek.com\/?page_id=6669"},"modified":"2022-11-07T11:00:18","modified_gmt":"2022-11-07T11:00:18","slug":"a-propos","status":"publish","type":"page","link":"https:\/\/www.keyi-transport.ch\/de\/a-propos\/","title":{"rendered":"A Vorschlag"},"content":{"rendered":"<div class=\"themestek-row wpb_row vc_row-fluid vc_column-gap-0px themestek-total-col-2 themestek-zindex-0 container themestek-bgcolor-white themestek-bgimage-position-center_center\">\r\n        \t\t <div class=\"vc_column-gap-0px vc_row\"> \t\t<div class=\"themestek-column wpb_column vc_column_container vc_col-sm-6 themestek-zindex-0\">\r\n\t<div class=\"vc_column-inner\">\r\n\t\t\t\t<div class=\"wpb_wrapper\">\r\n\t\t\t<div class=\"themestek-element-heading-wrapper themestek-heading-inner themestek-element-align-left themestek-seperator-none\"><section class=\"themestek-vc_cta3-container\"><div class=\"themestek-vc_general themestek-vc_cta3 themestek-cta3-only themestek-vc_cta3-style-classic themestek-vc_cta3-shape-rounded themestek-vc_cta3-align-left themestek-vc_cta3-color-transparent themestek-vc_cta3-icon-size-md themestek-vc_cta3-actions-no themestek-cta3-without-desc\"><div class=\"themestek-vc_cta3_content-container\"><div class=\"themestek-vc_cta3-content\"><div class=\"themestek-vc_cta3-content-header themestek-wrap\"><div class=\"themestek-vc_cta3-headers themestek-wrap-cell\"><h4 class=\"themestek-custom-heading\" >UNSER UNTERNEHMEN<\/h4>\n<h2 class=\"themestek-custom-heading\" >Wir sind ein erstklassiges Umzugsunternehmen mit Sitz in der Schweiz.<\/h2>\n<\/div><\/div><\/div><\/div><\/div><\/section><\/div> <!-- .themestek-element-heading-wrapper container --> \n\t<div class=\"wpb_text_column wpb_content_element  vc_custom_1667585556125\" >\n\t\t<div class=\"wpb_wrapper\">\n\t\t\t<p>Das Unternehmen Keyi Toukam Transport wurde 2022 gegr\u00fcndet.<\/p>\n\n\t\t<\/div>\n\t<\/div>\n\n\t<div  class=\"wpb_single_image wpb_content_element vc_align_left   themestek-single-image-768\">\n\t\t\n\t\t<figure class=\"wpb_wrapper vc_figure\">\n\t\t\t<div class=\"vc_single_image-wrapper   vc_box_border_grey\"><img loading=\"lazy\" decoding=\"async\" class=\"vc_single_image-img\" src=\"https:\/\/www.keyi-transport.ch\/wp-content\/uploads\/2018\/08\/img-01-584x300.jpg\" width=\"584\" height=\"300\" alt=\"img-01\" title=\"img-01\" \/><\/div>\n\t\t<\/figure>\n\t<\/div>\n\t\t<\/div>\r\n\t<\/div>\r\n<\/div>\r\n<div class=\"themestek-column wpb_column vc_column_container vc_col-sm-6 themestek-zindex-0\">\r\n\t<div class=\"vc_column-inner vc_custom_1552285947447 themestek-responsive-custom-12665472\">\r\n\t\t\t\t<div class=\"wpb_wrapper\">\r\n\t\t\t\n\t<div  class=\"wpb_single_image wpb_content_element vc_align_left   themestek-single-image-768\">\n\t\t\n\t\t<figure class=\"wpb_wrapper vc_figure\">\n\t\t\t<div class=\"vc_single_image-wrapper   vc_box_border_grey\"><img loading=\"lazy\" decoding=\"async\" class=\"vc_single_image-img\" src=\"https:\/\/www.keyi-transport.ch\/wp-content\/uploads\/2018\/08\/img-02-584x400.jpg\" width=\"584\" height=\"400\" alt=\"img-02\" title=\"img-02\" \/><\/div>\n\t\t<\/figure>\n\t<\/div>\n<h2 style=\"text-align: left\" class=\"vc_custom_heading vc_custom_1667585593371\" >Was tun wir?<\/h2><div class=\"themestek-row-inner vc_row wpb_row vc_inner vc_row-fluid vc_custom_1551343635648 vc_column-gap-0px themestek-zindex-0\">\r\n\t<div class=\"themestek-column-inner wpb_column vc_column_container vc_col-sm-6 themestek-zindex-0\">\r\n\t<div class=\"vc_column-inner\">\r\n\t\t \r\n\t\t<div class=\"wpb_wrapper\">\r\n\t\t\t<ul class=\"themestek-list themestek-list-style-icon themestek-list-icon-color-skincolor themestek- themestek-icon-skincolor themestek-list-textsize- themestek-list-icon-library-fontawesome\"><li><i class=\"themestek-skincolor fa fa-check-circle\"><\/i>  <span class=\"themestek-list-li-content\">Der Umzug<\/span><\/li><li><i class=\"themestek-skincolor fa fa-check-circle\"><\/i>  <span class=\"themestek-list-li-content\">Die Speicherung<\/span><\/li><\/ul>\t\t<\/div>\r\n\t<\/div>\r\n<\/div>\r\n<div class=\"themestek-column-inner wpb_column vc_column_container vc_col-sm-6 themestek-zindex-0\">\r\n\t<div class=\"vc_column-inner\">\r\n\t\t \r\n\t\t<div class=\"wpb_wrapper\">\r\n\t\t\t<ul class=\"themestek-list themestek-list-style-icon themestek-list-icon-color-skincolor themestek- themestek-icon-skincolor themestek-list-textsize- themestek-list-icon-library-fontawesome\"><li><i class=\"themestek-skincolor fa fa-check-circle\"><\/i>  <span class=\"themestek-list-li-content\">Das Auseinandernehmen und Wiederzusammensetzen<\/span><\/li><li><i class=\"themestek-skincolor fa fa-check-circle\"><\/i>  <span class=\"themestek-list-li-content\">Die Abstellkammer<\/span><\/li><\/ul>\t\t<\/div>\r\n\t<\/div>\r\n<\/div>\r\n<\/div>\r\n\t\t<\/div>\r\n\t<\/div>\r\n<\/div>\r\n\t <\/div> <\/div>\r\n<div data-vc-full-width=\"true\" data-vc-full-width-init=\"false\" class=\"themestek-row wpb_row vc_row-fluid vc_custom_1551340563693 vc_column-gap-0px themestek-total-col-1 themestek-zindex-0 themestek-bgcolor-white themestek-bgimage-position-center_center\">\r\n        \t\t <div class=\"vc_row container vc_column-gap-0px vc_row\"> \t\t<div class=\"themestek-column wpb_column vc_column_container vc_col-sm-12 themestek-zindex-0\">\r\n\t<div class=\"vc_column-inner\">\r\n\t\t\t\t<div class=\"wpb_wrapper\">\r\n\t\t\t<div class=\"themestek-element-heading-wrapper themestek-heading-inner themestek-element-align-center themestek-seperator-none\"><section class=\"themestek-vc_cta3-container\"><div class=\"themestek-vc_general themestek-vc_cta3 themestek-cta3-only themestek-vc_cta3-style-classic themestek-vc_cta3-shape-rounded themestek-vc_cta3-align-center themestek-vc_cta3-color-transparent themestek-vc_cta3-icon-size-md themestek-vc_cta3-actions-no themestek-cta3-without-desc\"><div class=\"themestek-vc_cta3_content-container\"><div class=\"themestek-vc_cta3-content\"><div class=\"themestek-vc_cta3-content-header themestek-wrap\"><div class=\"themestek-vc_cta3-headers themestek-wrap-cell\"><h4 class=\"themestek-custom-heading\" >Unsere Statistiken<\/h4>\n<h2 class=\"themestek-custom-heading\" >DIE ZAHLEN SPRECHEN F\u00dcR SICH<\/h2>\n<\/div><\/div><\/div><\/div><\/div><\/section><\/div> <!-- .themestek-element-heading-wrapper container --> <div class=\"themestek-row-inner vc_row wpb_row vc_inner vc_row-fluid vc_custom_1551340630180 vc_column-gap-0px themestek-zindex-0\">\r\n\t<div class=\"themestek-column-inner wpb_column vc_column_container vc_col-sm-4 vc_col-has-fill themestek-zindex-0\">\r\n\t<div class=\"vc_column-inner vc_custom_1547721837294\">\r\n\t\t \r\n\t\t<div class=\"wpb_wrapper\">\r\n\t\t\t<div class=\"themestek-fid inside themestek-fid-boxstyle-without-icon themestek-fidbox-style-3\">\r\n\t<div class=\"themestek-fld-contents\">\r\n\t\t<div class=\"themestek-ihbox-icon themestek-large-icon themestek-icon-skincolor\">\r\n\t\t\t<div class=\"themestek-sbox-icon-wrapper\"><i class=\"themestek-moversco-business-icon themestek-moversco-business-icon-delivery-truck\"><\/i><\/div>\t\t\t\t\t<\/div>\r\n\t\t<div class=\"themestek-fid-inner\">\r\n\t\t\t<span\r\n\t\t\t\tdata-appear-animation = \"animateDigits\"\r\n\t\t\t\tdata-from             = \"0\"\r\n\t\t\t\tdata-to               = \"25\"\r\n\t\t\t\tdata-interval         = \"5\"\r\n\t\t\t\t>\r\n\t\t\t\t\t25\t\t\t<\/span>\r\n\t\t\t\t\t<\/div>\r\n\t\t<h3 class=\"themestek-fid-title\"><span>Kunden entscheiden sich f\u00fcr das Umzugsunternehmen<br><\/span><\/h3>\r\n\t<\/div><!-- .themestek-fld-contents -->\r\n<\/div>\r\n\t\t<\/div>\r\n\t<\/div>\r\n<\/div>\r\n<div class=\"themestek-column-inner wpb_column vc_column_container vc_col-sm-4 vc_col-has-fill themestek-zindex-0\">\r\n\t<div class=\"vc_column-inner vc_custom_1552285606614 themestek-responsive-custom-19808682\">\r\n\t\t \r\n\t\t<div class=\"wpb_wrapper\">\r\n\t\t\t<div class=\"themestek-fid inside themestek-fid-boxstyle-without-icon themestek-fidbox-style-3\">\r\n\t<div class=\"themestek-fld-contents\">\r\n\t\t<div class=\"themestek-ihbox-icon themestek-large-icon themestek-icon-skincolor\">\r\n\t\t\t<div class=\"themestek-sbox-icon-wrapper\"><i class=\"themestek-moversco-business-icon themestek-moversco-business-icon-box\"><\/i><\/div>\t\t\t\t\t<\/div>\r\n\t\t<div class=\"themestek-fid-inner\">\r\n\t\t\t<span\r\n\t\t\t\tdata-appear-animation = \"animateDigits\"\r\n\t\t\t\tdata-from             = \"0\"\r\n\t\t\t\tdata-to               = \"870\"\r\n\t\t\t\tdata-interval         = \"5\"\r\n\t\t\t\t>\r\n\t\t\t\t\t870\t\t\t<\/span>\r\n\t\t\t\t\t<\/div>\r\n\t\t<h3 class=\"themestek-fid-title\"><span>Boxen werden erfolgreich verschoben<br><\/span><\/h3>\r\n\t<\/div><!-- .themestek-fld-contents -->\r\n<\/div>\r\n\t\t<\/div>\r\n\t<\/div>\r\n<\/div>\r\n<div class=\"themestek-column-inner wpb_column vc_column_container vc_col-sm-4 themestek-zindex-0\">\r\n\t<div class=\"vc_column-inner\">\r\n\t\t \r\n\t\t<div class=\"wpb_wrapper\">\r\n\t\t\t<div class=\"themestek-fid inside themestek-fid-boxstyle-without-icon themestek-fidbox-style-3\">\r\n\t<div class=\"themestek-fld-contents\">\r\n\t\t<div class=\"themestek-ihbox-icon themestek-large-icon themestek-icon-skincolor\">\r\n\t\t\t<div class=\"themestek-sbox-icon-wrapper\"><i class=\"themestek-moversco-business-icon themestek-moversco-business-icon-like\"><\/i><\/div>\t\t\t\t\t<\/div>\r\n\t\t<div class=\"themestek-fid-inner\">\r\n\t\t\t<span\r\n\t\t\t\tdata-appear-animation = \"animateDigits\"\r\n\t\t\t\tdata-from             = \"0\"\r\n\t\t\t\tdata-to               = \"30\"\r\n\t\t\t\tdata-interval         = \"5\"\r\n\t\t\t\t>\r\n\t\t\t\t\t30\t\t\t<\/span>\r\n\t\t\t\t\t<\/div>\r\n\t\t<h3 class=\"themestek-fid-title\"><span>Die Kunden sind mit unserem Service zufrieden<br><\/span><\/h3>\r\n\t<\/div><!-- .themestek-fld-contents -->\r\n<\/div>\r\n\t\t<\/div>\r\n\t<\/div>\r\n<\/div>\r\n<\/div>\r\n\t\t<\/div>\r\n\t<\/div>\r\n<\/div>\r\n\t <\/div> <\/div>\r\n<div class=\"vc_row-full-width vc_clearfix\"><\/div><div data-vc-full-width=\"true\" data-vc-full-width-init=\"false\" class=\"themestek-row wpb_row vc_row-fluid vc_custom_1552555299840 vc_row-has-fill vc_column-gap-0px themestek-total-col-2 themestek-zindex-0 themestek-bgcolor-darkgrey themestek-bgimage-position-center_center themestek-bg themestek-bgimage-yes\">\r\n        \t\t\t<div class=\"themestek-row-wrapper-bg-layer themestek-bg-layer\"><\/div><!-- ThemeStek custom DIV added -->\r\n\t\t <div class=\"vc_row container vc_column-gap-0px vc_row\"> \t\t<div class=\"themestek-column themestek-testimonialbox-style-1-colum wpb_column vc_column_container vc_col-sm-6 themestek-zindex-0 themestek-span themestek-left-span\">\r\n\t<div class=\"vc_column-inner vc_custom_1550816699286  themestek-col-bgcolor-darkgrey themestek-col-bgcolor-yes\">\r\n\t\t<div class=\"themestek-col-wrapper-bg-layer themestek-bg-layer themestek-bgimage-position-center_center\"><div class=\"themestek-bg-layer-inner\"><\/div><\/div>\t\t<div class=\"wpb_wrapper\">\r\n\t\t\t<div class=\"themestek-boxes themestek-boxes-testimonial themestek-boxes-view-carousel themestek-testimonial-style-1 themestek-boxes-col-one themestek-boxes-sortable-no themestek-boxes-textalign-left themestek-boxes-sortablebutton- themestek-boxes-carousel-arrows-0\" data-themestek-speed=\"1500\" data-themestek-autoplay=\"1\" data-themestek-autoplayspeed=\"4500\" data-themestek-loop=\"1\" data-themestek-dots=\"1\" data-themestek-nav=\"0\" data-themestek-centermode=\"0\" data-themestek-pauseonfocus=\"1\" data-themestek-pauseonhover=\"1\" data-themestek-slidestoscroll=\"column\" data-themestek-effecttype=\"slide\">\r\n\t\t<div class=\"themestek-boxes-inner themestek-boxes-testimonial-inner\"><div class=\"themestek-box-heading-wrapper themestek-element-align-left\"><div class=\"themestek-element-heading-wrapper themestek-heading-inner themestek-element-align-left themestek-seperator-none\"><section class=\"themestek-vc_cta3-container\"><div class=\"themestek-vc_general themestek-vc_cta3 themestek-cta3-only themestek-vc_cta3-style-classic themestek-vc_cta3-shape-rounded themestek-vc_cta3-align-left themestek-vc_cta3-color-transparent themestek-vc_cta3-icon-size-md themestek-vc_cta3-actions-no themestek-cta3-without-desc\"><div class=\"themestek-vc_cta3_content-container\"><div class=\"themestek-vc_cta3-content\"><div class=\"themestek-vc_cta3-content-header themestek-wrap\"><div class=\"themestek-vc_cta3-headers themestek-wrap-cell\"><h4 class=\"themestek-custom-heading\" >WAS UNSERE KUNDEN SAGEN<\/h4>\n<h2 class=\"themestek-custom-heading\" >Wir lieben unsere Kunden<br \/>\nUnd sie lieben uns<\/h2>\n<\/div><\/div><\/div><\/div><\/div><\/section><\/div> <!-- .themestek-element-heading-wrapper container --> <\/div> <!-- .themestek-element-heading-wrapper container --> <\/div><!-- .themestek-boxes-inner -->   <\/div><!-- .themestek-boxes -->  \t\t<\/div>\r\n\t<\/div>\r\n<\/div>\r\n<div class=\"themestek-column wpb_column vc_column_container vc_col-sm-6 themestek-zindex-0\">\r\n\t<div class=\"vc_column-inner\">\r\n\t\t\t\t<div class=\"wpb_wrapper\">\r\n\t\t\t<div class=\"themestek-vc_icon_element themestek-vc_icon_element-outer themestek-vc_icon_element-align-center  themestek-vc_icon_element-have-style ts-playeffect-white vc_custom_1551873333096\"><div class=\"themestek-vc_icon_element-inner  themestek-vc_icon_element-have-style-inner themestek-vc_icon_element-color-skincolor themestek-vc_icon_element-size-xl themestek-vc_icon_element-style-rounded themestek-vc_icon_element-background themestek-vc_icon_element-background-color-white\" ><span class=\"themestek-vc_icon_element-icon themifyicon ti-control-play\" ><\/span><\/div><\/div>\t\t<\/div>\r\n\t<\/div>\r\n<\/div>\r\n\t <\/div> <\/div>\r\n<div class=\"vc_row-full-width vc_clearfix\"><\/div>","protected":false},"excerpt":{"rendered":"NOTRE ENTREPRISE Nous sommes une entreprise de d\u00e9m\u00e9nagement de premier ordre bas\u00e9e en Suisse L'entreprise Keyi Toukam Transport a \u00e9t\u00e9 cr\u00e9e en 2022 Que faisons-nous ? Le d\u00e9m\u00e9nagement Le stockage Le d\u00e9montage et remontage Le d\u00e9barras Nos statistiques LES CHIFFRES PARLENT D'EUX-M\u00caME 25 Les clients choisissent l&#039;entreprise de d\u00e9m\u00e9nagement 870 Les bo\u00eetes sont d\u00e9plac\u00e9es avec &hellip; <a href=\"https:\/\/www.keyi-transport.ch\/de\/a-propos\/\" class=\"more-link\">Continue reading <span class=\"screen-reader-text\">A Vorschlag<\/span><\/a>","protected":false},"author":1,"featured_media":0,"parent":0,"menu_order":7,"comment_status":"closed","ping_status":"closed","template":"","meta":{"footnotes":""},"class_list":["post-6669","page","type-page","status-publish","hentry"],"yoast_head":"<!-- This site is optimized with the Yoast SEO plugin v19.9 - https:\/\/yoast.com\/wordpress\/plugins\/seo\/ -->\n<title>A propos - Keyi Toukam Transports<\/title>\n<meta name=\"description\" content=\"A propos de l&#039;entreprise Keyi Toukam Transports elle pr\u00e9sente sa gen\u00e8se, ses chiffres et son \u00e9quipe professionnel pr\u00eat \u00e0 vous servir.\" \/>\n<meta name=\"robots\" content=\"index, follow, max-snippet:-1, max-image-preview:large, max-video-preview:-1\" \/>\n<link rel=\"canonical\" href=\"https:\/\/www.keyi-transport.ch\/de\/a-propos\/\" \/>\n<meta property=\"og:locale\" content=\"de_DE\" \/>\n<meta property=\"og:type\" content=\"article\" \/>\n<meta property=\"og:title\" content=\"A propos - Keyi Toukam Transports\" \/>\n<meta property=\"og:description\" content=\"A propos de l&#039;entreprise Keyi Toukam Transports elle pr\u00e9sente sa gen\u00e8se, ses chiffres et son \u00e9quipe professionnel pr\u00eat \u00e0 vous servir.\" \/>\n<meta property=\"og:url\" content=\"https:\/\/www.keyi-transport.ch\/de\/a-propos\/\" \/>\n<meta property=\"og:site_name\" content=\"Keyi Toukam Transports\" \/>\n<meta property=\"article:publisher\" content=\"https:\/\/www.facebook.com\/keyitransport\/\" \/>\n<meta property=\"article:modified_time\" content=\"2022-11-07T11:00:18+00:00\" \/>\n<meta name=\"twitter:card\" content=\"summary_large_image\" \/>\n<meta name=\"twitter:label1\" content=\"Est. reading time\" \/>\n\t<meta name=\"twitter:data1\" content=\"1\u00a0Minute\" \/>\n<script type=\"application\/ld+json\" class=\"yoast-schema-graph\">{\"@context\":\"https:\/\/schema.org\",\"@graph\":[{\"@type\":\"WebPage\",\"@id\":\"https:\/\/www.keyi-transport.ch\/a-propos\/\",\"url\":\"https:\/\/www.keyi-transport.ch\/a-propos\/\",\"name\":\"A propos - Keyi Toukam Transports\",\"isPartOf\":{\"@id\":\"https:\/\/www.keyi-transport.ch\/#website\"},\"datePublished\":\"2018-08-03T08:06:05+00:00\",\"dateModified\":\"2022-11-07T11:00:18+00:00\",\"description\":\"A propos de l'entreprise Keyi Toukam Transports elle pr\u00e9sente sa gen\u00e8se, ses chiffres et son \u00e9quipe professionnel pr\u00eat \u00e0 vous servir.\",\"breadcrumb\":{\"@id\":\"https:\/\/www.keyi-transport.ch\/a-propos\/#breadcrumb\"},\"inLanguage\":\"de-CH\",\"potentialAction\":[{\"@type\":\"ReadAction\",\"target\":[\"https:\/\/www.keyi-transport.ch\/a-propos\/\"]}]},{\"@type\":\"BreadcrumbList\",\"@id\":\"https:\/\/www.keyi-transport.ch\/a-propos\/#breadcrumb\",\"itemListElement\":[{\"@type\":\"ListItem\",\"position\":1,\"name\":\"Accueil\",\"item\":\"https:\/\/www.keyi-transport.ch\/\"},{\"@type\":\"ListItem\",\"position\":2,\"name\":\"A propos\"}]},{\"@type\":\"WebSite\",\"@id\":\"https:\/\/www.keyi-transport.ch\/#website\",\"url\":\"https:\/\/www.keyi-transport.ch\/\",\"name\":\"Keyi Toukam Transports\",\"description\":\"Toujours plus pr\u00e8s de vous\",\"publisher\":{\"@id\":\"https:\/\/www.keyi-transport.ch\/#organization\"},\"potentialAction\":[{\"@type\":\"SearchAction\",\"target\":{\"@type\":\"EntryPoint\",\"urlTemplate\":\"https:\/\/www.keyi-transport.ch\/?s={search_term_string}\"},\"query-input\":\"required name=search_term_string\"}],\"inLanguage\":\"de-CH\"},{\"@type\":\"Organization\",\"@id\":\"https:\/\/www.keyi-transport.ch\/#organization\",\"name\":\"Keyi Toukam Transports\",\"url\":\"https:\/\/www.keyi-transport.ch\/\",\"logo\":{\"@type\":\"ImageObject\",\"inLanguage\":\"de-CH\",\"@id\":\"https:\/\/www.keyi-transport.ch\/#\/schema\/logo\/image\/\",\"url\":\"https:\/\/www.keyi-transport.ch\/wp-content\/uploads\/2022\/09\/logo-3.png\",\"contentUrl\":\"https:\/\/www.keyi-transport.ch\/wp-content\/uploads\/2022\/09\/logo-3.png\",\"width\":1860,\"height\":365,\"caption\":\"Keyi Toukam Transports\"},\"image\":{\"@id\":\"https:\/\/www.keyi-transport.ch\/#\/schema\/logo\/image\/\"},\"sameAs\":[\"https:\/\/www.instagram.com\/keyi.transport\/\",\"https:\/\/www.facebook.com\/keyitransport\/\"]}]}<\/script>\n<!-- \/ Yoast SEO plugin. -->","yoast_head_json":{"title":"A propos - Keyi Toukam Transports","description":"A propos de l'entreprise Keyi Toukam Transports elle pr\u00e9sente sa gen\u00e8se, ses chiffres et son \u00e9quipe professionnel pr\u00eat \u00e0 vous servir.","robots":{"index":"index","follow":"follow","max-snippet":"max-snippet:-1","max-image-preview":"max-image-preview:large","max-video-preview":"max-video-preview:-1"},"canonical":"https:\/\/www.keyi-transport.ch\/de\/a-propos\/","og_locale":"de_DE","og_type":"article","og_title":"A propos - Keyi Toukam Transports","og_description":"A propos de l'entreprise Keyi Toukam Transports elle pr\u00e9sente sa gen\u00e8se, ses chiffres et son \u00e9quipe professionnel pr\u00eat \u00e0 vous servir.","og_url":"https:\/\/www.keyi-transport.ch\/de\/a-propos\/","og_site_name":"Keyi Toukam Transports","article_publisher":"https:\/\/www.facebook.com\/keyitransport\/","article_modified_time":"2022-11-07T11:00:18+00:00","twitter_card":"summary_large_image","twitter_misc":{"Est. reading time":"1\u00a0Minute"},"schema":{"@context":"https:\/\/schema.org","@graph":[{"@type":"WebPage","@id":"https:\/\/www.keyi-transport.ch\/a-propos\/","url":"https:\/\/www.keyi-transport.ch\/a-propos\/","name":"A propos - Keyi Toukam Transports","isPartOf":{"@id":"https:\/\/www.keyi-transport.ch\/#website"},"datePublished":"2018-08-03T08:06:05+00:00","dateModified":"2022-11-07T11:00:18+00:00","description":"A propos de l'entreprise Keyi Toukam Transports elle pr\u00e9sente sa gen\u00e8se, ses chiffres et son \u00e9quipe professionnel pr\u00eat \u00e0 vous servir.","breadcrumb":{"@id":"https:\/\/www.keyi-transport.ch\/a-propos\/#breadcrumb"},"inLanguage":"de-CH","potentialAction":[{"@type":"ReadAction","target":["https:\/\/www.keyi-transport.ch\/a-propos\/"]}]},{"@type":"BreadcrumbList","@id":"https:\/\/www.keyi-transport.ch\/a-propos\/#breadcrumb","itemListElement":[{"@type":"ListItem","position":1,"name":"Accueil","item":"https:\/\/www.keyi-transport.ch\/"},{"@type":"ListItem","position":2,"name":"A propos"}]},{"@type":"WebSite","@id":"https:\/\/www.keyi-transport.ch\/#website","url":"https:\/\/www.keyi-transport.ch\/","name":"Keyi Toukam Transports","description":"Toujours plus pr\u00e8s de vous","publisher":{"@id":"https:\/\/www.keyi-transport.ch\/#organization"},"potentialAction":[{"@type":"SearchAction","target":{"@type":"EntryPoint","urlTemplate":"https:\/\/www.keyi-transport.ch\/?s={search_term_string}"},"query-input":"required name=search_term_string"}],"inLanguage":"de-CH"},{"@type":"Organization","@id":"https:\/\/www.keyi-transport.ch\/#organization","name":"Keyi Toukam Transports","url":"https:\/\/www.keyi-transport.ch\/","logo":{"@type":"ImageObject","inLanguage":"de-CH","@id":"https:\/\/www.keyi-transport.ch\/#\/schema\/logo\/image\/","url":"https:\/\/www.keyi-transport.ch\/wp-content\/uploads\/2022\/09\/logo-3.png","contentUrl":"https:\/\/www.keyi-transport.ch\/wp-content\/uploads\/2022\/09\/logo-3.png","width":1860,"height":365,"caption":"Keyi Toukam Transports"},"image":{"@id":"https:\/\/www.keyi-transport.ch\/#\/schema\/logo\/image\/"},"sameAs":["https:\/\/www.instagram.com\/keyi.transport\/","https:\/\/www.facebook.com\/keyitransport\/"]}]}},"_links":{"self":[{"href":"https:\/\/www.keyi-transport.ch\/de\/wp-json\/wp\/v2\/pages\/6669","targetHints":{"allow":["GET"]}}],"collection":[{"href":"https:\/\/www.keyi-transport.ch\/de\/wp-json\/wp\/v2\/pages"}],"about":[{"href":"https:\/\/www.keyi-transport.ch\/de\/wp-json\/wp\/v2\/types\/page"}],"author":[{"embeddable":true,"href":"https:\/\/www.keyi-transport.ch\/de\/wp-json\/wp\/v2\/users\/1"}],"replies":[{"embeddable":true,"href":"https:\/\/www.keyi-transport.ch\/de\/wp-json\/wp\/v2\/comments?post=6669"}],"version-history":[{"count":10,"href":"https:\/\/www.keyi-transport.ch\/de\/wp-json\/wp\/v2\/pages\/6669\/revisions"}],"predecessor-version":[{"id":9983,"href":"https:\/\/www.keyi-transport.ch\/de\/wp-json\/wp\/v2\/pages\/6669\/revisions\/9983"}],"wp:attachment":[{"href":"https:\/\/www.keyi-transport.ch\/de\/wp-json\/wp\/v2\/media?parent=6669"}],"curies":[{"name":"wp","href":"https:\/\/api.w.org\/{rel}","templated":true}]}}